{"id":10063,"date":"2021-03-31T12:23:27","date_gmt":"2021-03-31T10:23:27","guid":{"rendered":"https:\/\/richter-nielsen.dk\/blog\/?page_id=10063"},"modified":"2023-01-16T15:58:39","modified_gmt":"2023-01-16T14:58:39","slug":"paalaeg","status":"publish","type":"page","link":"https:\/\/richter-nielsen.dk\/blog\/alt-det-andet\/koldroeg-paalaeg\/paalaeg\/","title":{"rendered":"P\u00e5l\u00e6g"},"content":{"rendered":"<p>[et_pb_section fb_built=&#8221;1&#8243; _builder_version=&#8221;4.16&#8243; global_colors_info=&#8221;{}&#8221;][et_pb_row _builder_version=&#8221;4.16&#8243; background_size=&#8221;initial&#8221; background_position=&#8221;top_left&#8221; background_repeat=&#8221;repeat&#8221; global_colors_info=&#8221;{}&#8221;][et_pb_column type=&#8221;4_4&#8243; _builder_version=&#8221;4.16&#8243; custom_padding=&#8221;|||&#8221; global_colors_info=&#8221;{}&#8221; custom_padding__hover=&#8221;|||&#8221;][et_pb_post_title title=&#8221;off&#8221; author=&#8221;off&#8221; date=&#8221;off&#8221; comments=&#8221;off&#8221; featured_image=&#8221;off&#8221; _builder_version=&#8221;4.18.0&#8243; global_module=&#8221;5613&#8243; saved_tabs=&#8221;all&#8221; global_colors_info=&#8221;{}&#8221;][\/et_pb_post_title][et_pb_blog fullwidth=&#8221;off&#8221; posts_number=&#8221;30&#8243; include_categories=&#8221;382&#8243; excerpt_length=&#8221;110&#8243; show_more=&#8221;on&#8221; show_author=&#8221;off&#8221; show_categories=&#8221;off&#8221; show_excerpt=&#8221;off&#8221; _builder_version=&#8221;4.16&#8243; global_colors_info=&#8221;{}&#8221;][\/et_pb_blog][et_pb_text _builder_version=&#8221;4.19.4&#8243; global_colors_info=&#8221;{}&#8221; theme_builder_area=&#8221;post_content&#8221;]<\/p>\n<p><span style=\"color: #000000;\">Vores facebook grupper:<\/span><br \/><a href=\"https:\/\/www.facebook.com\/groups\/251655024985460\" target=\"_blank\" rel=\"noopener\">Borniak R\u00f8govn (DK)<\/a>\u00a0<span style=\"color: #000000;\">\u2013\u00a0Gruppen p\u00e5 facebook med tips, tricks og r\u00f8getider til din borniak r\u00f8geovn<\/span><br \/><a class=\"x1i10hfl xjbqb8w x6umtig x1b1mbwd xaqea5y xav7gou x9f619 x1ypdohk xt0psk2 xe8uvvx xdj266r x11i5rnm xat24cr x1mh8g0r xexx8yu x4uap5 x18d9i69 xkhd6sd x16tdsg8 x1hl2dhg xggy1nq x1a2a7pz x1heor9g xt0b8zv x1xlr1w8\" tabindex=\"0\" role=\"link\" href=\"https:\/\/www.facebook.com\/groups\/1594169487690802\/\" target=\"_blank\" rel=\"noopener\">Hjemmelavet P\u00e5l\u00e6gs-P\u00f8lser (DK)<\/a>\u00a0<span style=\"color: #000000;\">\u2013 Gruppen p\u00e5 facebook med tips, tricks og opskrifter til din skinke-presse-koger<\/span><\/p>\n<p>[\/et_pb_text][\/et_pb_column][\/et_pb_row][\/et_pb_section]<\/p>\n","protected":false},"excerpt":{"rendered":"<p>Vores facebook grupper:Borniak R\u00f8govn (DK)\u00a0\u2013\u00a0Gruppen p\u00e5 facebook med tips, tricks og r\u00f8getider til din borniak r\u00f8geovnHjemmelavet P\u00e5l\u00e6gs-P\u00f8lser (DK)\u00a0\u2013 Gruppen p\u00e5 facebook med tips, tricks og opskrifter til din skinke-presse-koger<\/p>\n","protected":false},"author":1,"featured_media":0,"parent":7895,"menu_order":4,"comment_status":"closed","ping_status":"closed","template":"","meta":{"_et_pb_use_builder":"on","_et_pb_old_content":"","_et_gb_content_width":"","footnotes":""},"class_list":["post-10063","page","type-page","status-publish","hentry"],"_links":{"self":[{"href":"https:\/\/richter-nielsen.dk\/blog\/wp-json\/wp\/v2\/pages\/10063","targetHints":{"allow":["GET"]}}],"collection":[{"href":"https:\/\/richter-nielsen.dk\/blog\/wp-json\/wp\/v2\/pages"}],"about":[{"href":"https:\/\/richter-nielsen.dk\/blog\/wp-json\/wp\/v2\/types\/page"}],"author":[{"embeddable":true,"href":"https:\/\/richter-nielsen.dk\/blog\/wp-json\/wp\/v2\/users\/1"}],"replies":[{"embeddable":true,"href":"https:\/\/richter-nielsen.dk\/blog\/wp-json\/wp\/v2\/comments?post=10063"}],"version-history":[{"count":5,"href":"https:\/\/richter-nielsen.dk\/blog\/wp-json\/wp\/v2\/pages\/10063\/revisions"}],"predecessor-version":[{"id":14773,"href":"https:\/\/richter-nielsen.dk\/blog\/wp-json\/wp\/v2\/pages\/10063\/revisions\/14773"}],"up":[{"embeddable":true,"href":"https:\/\/richter-nielsen.dk\/blog\/wp-json\/wp\/v2\/pages\/7895"}],"wp:attachment":[{"href":"https:\/\/richter-nielsen.dk\/blog\/wp-json\/wp\/v2\/media?parent=10063"}],"curies":[{"name":"wp","href":"https:\/\/api.w.org\/{rel}","templated":true}]}}